{"id":2,"date":"2024-03-05T00:29:17","date_gmt":"2024-03-04T21:29:17","guid":{"rendered":"http:\/\/esmenoglutekstil.com\/?page_id=2"},"modified":"2024-03-15T00:46:20","modified_gmt":"2024-03-14T21:46:20","slug":"ornek-sayfa","status":"publish","type":"page","link":"https:\/\/esmenoglutekstil.com\/index.php\/ornek-sayfa\/","title":{"rendered":"Ma\u011fazalar\u0131m\u0131z"},"content":{"rendered":"\n<blockquote class=\"wp-block-quote\">\n<p><\/p>\n<\/blockquote>\n\n\n\n<div class=\"wp-block-group is-layout-constrained wp-block-group-is-layout-constrained\"><div class=\"wp-block-group__inner-container\"><div class=\"wp-block-image\">\n<figure class=\"alignleft size-large is-resized\"><a href=\"https:\/\/www.trendyol.com\/magaza\/esmenoglutekstil-m-229121?sst=0\" target=\"_blank\" rel=\"noreferrer noopener\"><img loading=\"lazy\" decoding=\"async\" width=\"1024\" height=\"1024\" src=\"https:\/\/esmenoglutekstil.com\/wp-content\/uploads\/2024\/03\/trendyol-logo-Berlin-Turk-Turkish-Turkisches-film-festival-golden-tor-awards-gala-png-1-1024x1024.png\" alt=\"\" class=\"wp-image-3043\" style=\"width:201px;height:auto\" srcset=\"https:\/\/esmenoglutekstil.com\/wp-content\/uploads\/2024\/03\/trendyol-logo-Berlin-Turk-Turkish-Turkisches-film-festival-golden-tor-awards-gala-png-1-1024x1024.png 1024w, https:\/\/esmenoglutekstil.com\/wp-content\/uploads\/2024\/03\/trendyol-logo-Berlin-Turk-Turkish-Turkisches-film-festival-golden-tor-awards-gala-png-1-300x300.png 300w, https:\/\/esmenoglutekstil.com\/wp-content\/uploads\/2024\/03\/trendyol-logo-Berlin-Turk-Turkish-Turkisches-film-festival-golden-tor-awards-gala-png-1-150x150.png 150w, https:\/\/esmenoglutekstil.com\/wp-content\/uploads\/2024\/03\/trendyol-logo-Berlin-Turk-Turkish-Turkisches-film-festival-golden-tor-awards-gala-png-1-768x768.png 768w, https:\/\/esmenoglutekstil.com\/wp-content\/uploads\/2024\/03\/trendyol-logo-Berlin-Turk-Turkish-Turkisches-film-festival-golden-tor-awards-gala-png-1-600x600.png 600w, https:\/\/esmenoglutekstil.com\/wp-content\/uploads\/2024\/03\/trendyol-logo-Berlin-Turk-Turkish-Turkisches-film-festival-golden-tor-awards-gala-png-1-100x100.png 100w, https:\/\/esmenoglutekstil.com\/wp-content\/uploads\/2024\/03\/trendyol-logo-Berlin-Turk-Turkish-Turkisches-film-festival-golden-tor-awards-gala-png-1.png 1200w\" sizes=\"(max-width: 1024px) 100vw, 1024px\" \/><\/a><figcaption class=\"wp-element-caption\"><a href=\"https:\/\/www.trendyol.com\/magaza\/esmenoglutekstil-m-229121?sst=0\" target=\"_blank\" rel=\"noopener\" title=\"Trendyol Ma\u011fazam\u0131z\">Trendyol Ma\u011fazam\u0131z<\/a><\/figcaption><\/figure><\/div>\n\n\n<div class=\"wp-block-group is-layout-constrained wp-block-group-is-layout-constrained\"><div class=\"wp-block-group__inner-container\"><div class=\"wp-block-image is-style-default\">\n<figure class=\"alignleft size-full is-resized\"><img loading=\"lazy\" decoding=\"async\" width=\"375\" height=\"375\" src=\"https:\/\/esmenoglutekstil.com\/wp-content\/uploads\/2024\/03\/format_webp.webp\" alt=\"\" class=\"wp-image-3050\" style=\"width:201px\" srcset=\"https:\/\/esmenoglutekstil.com\/wp-content\/uploads\/2024\/03\/format_webp.webp 375w, https:\/\/esmenoglutekstil.com\/wp-content\/uploads\/2024\/03\/format_webp-300x300.webp 300w, https:\/\/esmenoglutekstil.com\/wp-content\/uploads\/2024\/03\/format_webp-150x150.webp 150w, https:\/\/esmenoglutekstil.com\/wp-content\/uploads\/2024\/03\/format_webp-100x100.webp 100w\" sizes=\"(max-width: 375px) 100vw, 375px\" \/><figcaption class=\"wp-element-caption\"><a href=\"https:\/\/www.hepsiburada.com\/magaza\/esmenoglu-tekstil\" target=\"_blank\" rel=\"noopener\" title=\"Hepsiburada Ma\u011fazam\u0131z\">Hepsiburada Ma\u011fazam\u0131z<\/a><\/figcaption><\/figure><\/div><\/div><\/div>\n<\/div><\/div>\n","protected":false},"excerpt":{"rendered":"<\/p>\n<p>Trendyol Ma\u011fazam\u0131z<\/p>\n<p>Hepsiburada Ma\u011fazam\u0131z<\/p>\n","protected":false},"author":1,"featured_media":0,"parent":0,"menu_order":0,"comment_status":"closed","ping_status":"open","template":"","meta":{"_monsterinsights_skip_tracking":false,"_monsterinsights_sitenote_active":false,"_monsterinsights_sitenote_note":"","_monsterinsights_sitenote_category":0,"footnotes":""},"aioseo_notices":[],"_links":{"self":[{"href":"https:\/\/esmenoglutekstil.com\/index.php\/wp-json\/wp\/v2\/pages\/2"}],"collection":[{"href":"https:\/\/esmenoglutekstil.com\/index.php\/wp-json\/wp\/v2\/pages"}],"about":[{"href":"https:\/\/esmenoglutekstil.com\/index.php\/wp-json\/wp\/v2\/types\/page"}],"author":[{"embeddable":true,"href":"https:\/\/esmenoglutekstil.com\/index.php\/wp-json\/wp\/v2\/users\/1"}],"replies":[{"embeddable":true,"href":"https:\/\/esmenoglutekstil.com\/index.php\/wp-json\/wp\/v2\/comments?post=2"}],"version-history":[{"count":14,"href":"https:\/\/esmenoglutekstil.com\/index.php\/wp-json\/wp\/v2\/pages\/2\/revisions"}],"predecessor-version":[{"id":3063,"href":"https:\/\/esmenoglutekstil.com\/index.php\/wp-json\/wp\/v2\/pages\/2\/revisions\/3063"}],"wp:attachment":[{"href":"https:\/\/esmenoglutekstil.com\/index.php\/wp-json\/wp\/v2\/media?parent=2"}],"curies":[{"name":"wp","href":"https:\/\/api.w.org\/{rel}","templated":true}]}}