{"id":26,"date":"2016-10-30T13:14:38","date_gmt":"2016-10-30T13:14:38","guid":{"rendered":"http:\/\/192.168.88.250:8080\/outlet\/?page_id=24"},"modified":"2024-03-12T07:08:39","modified_gmt":"2024-03-12T04:08:39","slug":"about","status":"publish","type":"page","link":"https:\/\/esmenoglutekstil.com\/index.php\/about\/","title":{"rendered":"About"},"content":{"rendered":"<div class=\"wpb-content-wrapper\"><p>[vc_row full_width=&#8221;stretch_row_content_no_spaces&#8221; overlay_dotted=&#8221;&#8221; css=&#8221;.vc_custom_1486222925298{margin-bottom: 60px !important;}&#8221;][vc_column][vc_single_image image=&#8221;2927&#8243; img_size=&#8221;1920&#215;1080&#8243; alignment=&#8221;center&#8221;][\/vc_column][\/vc_row][vc_row overlay_dotted=&#8221;&#8221; css=&#8221;.vc_custom_1480087157667{margin-bottom: 80px !important;}&#8221;][vc_column][vc_column_text css=&#8221;.vc_custom_1710216514389{margin-bottom: 16px !important;}&#8221;]<\/p>\n<p style=\"text-align: center; line-height: 42px; margin-bottom: 18px;\"><strong><span style=\"font-size: 38px;\">Merhabalar, <\/span><\/strong><\/p>\n<p style=\"text-align: center; line-height: 42px; margin-bottom: 18px;\"><strong><span style=\"font-size: 38px;\">E\u015fmeno\u011flu Tekstile Ho\u015fgeldiniz.<\/span><\/strong><\/p>\n<p>Kaliteli bornoz ve havlu \u00fcr\u00fcnleriyle \u00f6ne \u00e7\u0131kan E\u015fmeno\u011flu Tekstil ailesine kat\u0131ld\u0131\u011f\u0131n\u0131z i\u00e7in \u00e7ok mutluyuz. 2005 y\u0131l\u0131nda kurulan \u015firketimiz, konfor, \u015f\u0131kl\u0131k ve dayan\u0131kl\u0131l\u0131\u011f\u0131 bir araya getiren benzersiz koleksiyonlar\u0131yla sekt\u00f6rde \u00f6nc\u00fc bir konumda bulunmaktad\u0131r.<\/p>\n<p>Bizimle ileti\u015fime ge\u00e7mekten \u00e7ekinmeyin. M\u00fc\u015fterilerimize en iyi hizmeti sunmak ve tekstil ihtiya\u00e7lar\u0131n\u0131za \u00e7\u00f6z\u00fcmler sunmak i\u00e7in buraday\u0131z.<\/p>\n<p>Adres: Yeni, 4999. Sk. No:20, 20030 Merkezefendi\/Denizli<\/p>\n<p>\u0130leti\u015fim: 0532 468 95 89<\/p>\n<p>E-posta: <a target=\"_new\" rel=\"noopener\">info@esmenoglutekstil.com<\/a><\/p>\n<p>Her zaman yan\u0131n\u0131zda olmak ve sizinle g\u00fczel tekstil deneyimleri payla\u015fmak i\u00e7in sab\u0131rs\u0131zl\u0131kla bekliyoruz![\/vc_column_text]<div style=\"text-align:center;\"><a class=\"seese-btn btn-secondary seese-btn-69e7400adfbce btn-hover-one \" href=\"https:\/\/esmenoglutekstil.com\/index.php\/shop-fullwidth\/\"><span class=\"btn-text\">SATIN AL<\/span><\/a><\/div>[\/vc_column][\/vc_row][vc_row overlay_dotted=&#8221;&#8221; css=&#8221;.vc_custom_1493727292688{margin-bottom: 0px !important;border-bottom-width: 0px !important;padding-top: 27px !important;padding-bottom: 0px !important;border-bottom-style: solid !important;}&#8221;][vc_column width=&#8221;1\/3&#8243;]    <div class=\"seese-cntr-box  seese-cntr-69e7400adfc11\">\r\n      <div class=\"cntr-value\">\r\n                <span id=\"cntr-69e7400adfc11\">261<\/span>\r\n                      <\/div>\r\n      <div class=\"cntr-title\">M\u00fc\u015fteriler<\/div>\r\n      <div class=\"cntr-details\">Toplam E-Ticaret M\u00fc\u015fterisi<\/div>\r\n    <\/div>\r\n\r\n    <script type=\"text\/javascript\">\r\n      jQuery(document).ready(function($) {\r\n        $('#cntr-69e7400adfc11').counterUp({\r\n          delay: 10,\r\n          time: 1000        });\r\n      });\r\n    <\/script>\r\n\r\n    [\/vc_column][vc_column width=&#8221;1\/3&#8243;]    <div class=\"seese-cntr-box  seese-cntr-69e7400adfc7f\">\r\n      <div class=\"cntr-value\">\r\n                <span id=\"cntr-69e7400adfc7f\">19<\/span>\r\n        <span class=\"cntr-super\">+<\/span>              <\/div>\r\n      <div class=\"cntr-title\">Ka\u00e7 Y\u0131ld\u0131r<\/div>\r\n      <div class=\"cntr-details\">2005&#039;den beri<\/div>\r\n    <\/div>\r\n\r\n    <script type=\"text\/javascript\">\r\n      jQuery(document).ready(function($) {\r\n        $('#cntr-69e7400adfc7f').counterUp({\r\n          delay: 10,\r\n          time: 1000        });\r\n      });\r\n    <\/script>\r\n\r\n    [\/vc_column][vc_column width=&#8221;1\/3&#8243;]    <div class=\"seese-cntr-box  seese-cntr-69e7400adfcb5\">\r\n      <div class=\"cntr-value\">\r\n                <span id=\"cntr-69e7400adfcb5\">566<\/span>\r\n                      <\/div>\r\n      <div class=\"cntr-title\">Sat\u0131\u015f Say\u0131s\u0131<\/div>\r\n      <div class=\"cntr-details\">1 Haftada \u00dcr\u00fcnleriniz kap\u0131n\u0131zda.<\/div>\r\n    <\/div>\r\n\r\n    <script type=\"text\/javascript\">\r\n      jQuery(document).ready(function($) {\r\n        $('#cntr-69e7400adfcb5').counterUp({\r\n          delay: 10,\r\n          time: 1000        });\r\n      });\r\n    <\/script>\r\n\r\n    [\/vc_column][\/vc_row]<\/p>\n<\/div>","protected":false},"excerpt":{"rendered":"<p>[vc_row full_width=&#8221;stretch_row_content_no_spaces&#8221; overlay_dotted=&#8221;&#8221; css=&#8221;.vc_custom_1486222925298{margin-bottom: 60px !important;}&#8221;][vc_column][vc_single_image image=&#8221;2927&#8243; img_size=&#8221;1920&#215;1080&#8243; alignment=&#8221;center&#8221;][\/vc_column][\/vc_row][vc_row overlay_dotted=&#8221;&#8221; css=&#8221;.vc_custom_1480087157667{margin-bottom: 80px !important;}&#8221;][vc_column][vc_column_text css=&#8221;.vc_custom_1710216514389{margin-bottom: 16px !important;}&#8221;]<\/p>\n<p style=\"text-align: center; line-height: 42px; margin-bottom: 18px;\">Merhabalar, <\/p>\n<p style=\"text-align: center; line-height: 42px; margin-bottom: 18px;\">E\u015fmeno\u011flu Tekstile Ho\u015fgeldiniz.<\/p>\n<p>Kaliteli bornoz ve havlu \u00fcr\u00fcnleriyle \u00f6ne \u00e7\u0131kan E\u015fmeno\u011flu Tekstil ailesine kat\u0131ld\u0131\u011f\u0131n\u0131z i\u00e7in \u00e7ok mutluyuz. 2005 y\u0131l\u0131nda kurulan \u015firketimiz, konfor, \u015f\u0131kl\u0131k ve dayan\u0131kl\u0131l\u0131\u011f\u0131 bir araya getiren benzersiz koleksiyonlar\u0131yla sekt\u00f6rde \u00f6nc\u00fc bir konumda bulunmaktad\u0131r.<\/p>\n<p>Bizimle ileti\u015fime ge\u00e7mekten \u00e7ekinmeyin. M\u00fc\u015fterilerimize en iyi hizmeti sunmak ve tekstil ihtiya\u00e7lar\u0131n\u0131za \u00e7\u00f6z\u00fcmler sunmak i\u00e7in buraday\u0131z.<\/p>\n<p>Adres: Yeni, 4999. Sk. No:20, 20030 Merkezefendi\/Denizli<\/p>\n<p>\u0130leti\u015fim: 0532 468 95 89<\/p>\n<p>E-posta: info@esmenoglutekstil.com<\/p>\n<p>Her zaman yan\u0131n\u0131zda olmak ve sizinle g\u00fczel tekstil deneyimleri payla\u015fmak i\u00e7in sab\u0131rs\u0131zl\u0131kla bekliyoruz![\/vc_column_text]SATIN AL[\/vc_column][\/vc_row][vc_row overlay_dotted=&#8221;&#8221; css=&#8221;.vc_custom_1493727292688{margin-bottom: 0px !important;border-bottom-width: 0px !important;padding-top: 27px !important;padding-bottom: 0px !important;border-bottom-style: solid !important;}&#8221;][vc_column width=&#8221;1\/3&#8243;]    <\/p>\n<p>                261<\/p>\n<p>      M\u00fc\u015fteriler<br \/>\n      Toplam E-Ticaret M\u00fc\u015fterisi<\/p>\n<p>    [\/vc_column][vc_column width=&#8221;1\/3&#8243;]    <\/p>\n<p>                19<br \/>\n        +<br \/>\n      Ka\u00e7 Y\u0131ld\u0131r<br \/>\n      2005&#039;den beri<\/p>\n<p>    [\/vc_column][vc_column width=&#8221;1\/3&#8243;]    <\/p>\n<p>                566<\/p>\n<p>      Sat\u0131\u015f Say\u0131s\u0131<br \/>\n      1 Haftada \u00dcr\u00fcnleriniz kap\u0131n\u0131zda.<\/p>\n<p>    [\/vc_column][\/vc_row]<\/p>\n","protected":false},"author":1,"featured_media":2383,"parent":0,"menu_order":0,"comment_status":"closed","ping_status":"closed","template":"","meta":{"_monsterinsights_skip_tracking":false,"_monsterinsights_sitenote_active":false,"_monsterinsights_sitenote_note":"","_monsterinsights_sitenote_category":0,"footnotes":""},"aioseo_notices":[],"_links":{"self":[{"href":"https:\/\/esmenoglutekstil.com\/index.php\/wp-json\/wp\/v2\/pages\/26"}],"collection":[{"href":"https:\/\/esmenoglutekstil.com\/index.php\/wp-json\/wp\/v2\/pages"}],"about":[{"href":"https:\/\/esmenoglutekstil.com\/index.php\/wp-json\/wp\/v2\/types\/page"}],"author":[{"embeddable":true,"href":"https:\/\/esmenoglutekstil.com\/index.php\/wp-json\/wp\/v2\/users\/1"}],"replies":[{"embeddable":true,"href":"https:\/\/esmenoglutekstil.com\/index.php\/wp-json\/wp\/v2\/comments?post=26"}],"version-history":[{"count":19,"href":"https:\/\/esmenoglutekstil.com\/index.php\/wp-json\/wp\/v2\/pages\/26\/revisions"}],"predecessor-version":[{"id":2987,"href":"https:\/\/esmenoglutekstil.com\/index.php\/wp-json\/wp\/v2\/pages\/26\/revisions\/2987"}],"wp:featuredmedia":[{"embeddable":true,"href":"https:\/\/esmenoglutekstil.com\/index.php\/wp-json\/wp\/v2\/media\/2383"}],"wp:attachment":[{"href":"https:\/\/esmenoglutekstil.com\/index.php\/wp-json\/wp\/v2\/media?parent=26"}],"curies":[{"name":"wp","href":"https:\/\/api.w.org\/{rel}","templated":true}]}}