{"id":28,"date":"2016-10-30T13:15:24","date_gmt":"2016-10-30T13:15:24","guid":{"rendered":"http:\/\/192.168.88.250:8080\/outlet\/?page_id=28"},"modified":"2024-04-04T21:49:41","modified_gmt":"2024-04-04T18:49:41","slug":"contact","status":"publish","type":"page","link":"https:\/\/esmenoglutekstil.com\/index.php\/contact\/","title":{"rendered":"Contact"},"content":{"rendered":"<div class=\"wpb-content-wrapper\"><p>[vc_row][vc_column][vc_empty_space height=&#8221;94px&#8221;][vc_column_text]<\/p>\n<h3 style=\"text-align: center; margin-bottom: 0;\"><strong><span style=\"font-size: 35px;\">\u0130leti\u015fim<\/span><\/strong><\/h3>\n<p style=\"text-align: center; padding-bottom: 13px; padding-top: 2px; letter-spacing: .9px;\"><span style=\"font-size: 15px;\">E\u015fmeno\u011flu Tekstil \u0130leti\u015fim<\/span><\/p>\n<p>[\/vc_column_text][\/vc_column][\/vc_row][vc_row overlay_dotted=&#8221;&#8221; css=&#8221;.vc_custom_1480491358682{margin-top: 0px !important;margin-right: 0px !important;margin-bottom: 25px !important;margin-left: 0px !important;border-top-width: 0px !important;border-right-width: 0px !important;border-bottom-width: 0px !important;border-left-width: 0px !important;padding-top: 0px !important;padding-right: 0px !important;padding-bottom: 0px !important;padding-left: 0px !important;}&#8221;][vc_column css=&#8221;.vc_custom_1478579926524{margin: 0px !important;border-width: 0px !important;padding: 0px !important;}&#8221;][vc_gmaps link=&#8221;#E-8_JTNDaWZyYW1lJTIwc3JjJTNEJTIyaHR0cHMlM0ElMkYlMkZ3d3cuZ29vZ2xlLmNvbSUyRm1hcHMlMkZlbWJlZCUzRnBiJTNEJTIxMW0xOCUyMTFtMTIlMjExbTMlMjExZDMxNTIuNjA0MTM4NDI1NTY5JTIxMmQyOS4wNzIyMTgwNzU4MTY3MyUyMTNkMzcuNzk5MzE1OTcxOTc5MjIlMjEybTMlMjExZjAlMjEyZjAlMjEzZjAlMjEzbTIlMjExaTEwMjQlMjEyaTc2OCUyMTRmMTMuMSUyMTNtMyUyMTFtMiUyMTFzMHgxNGM3M2ZjMzgyMTYwOTYxJTI1M0EweDIwNTFhNGUwODY2Y2U1ZDAlMjEyelJjV2ZiV1Z1YjhTZmJIVWdkR1ZyYzNScGJBJTIxNWUwJTIxM20yJTIxMXN0ciUyMTJzdHIlMjE0djE3MTAwMjEzOTA5NTUlMjE1bTIlMjExc3RyJTIxMnN0ciUyMiUyMHdpZHRoJTNEJTIyNjAwJTIyJTIwaGVpZ2h0JTNEJTIyNDUwJTIyJTIwc3R5bGUlM0QlMjJib3JkZXIlM0EwJTNCJTIyJTIwYWxsb3dmdWxsc2NyZWVuJTNEJTIyJTIyJTIwbG9hZGluZyUzRCUyMmxhenklMjIlMjByZWZlcnJlcnBvbGljeSUzRCUyMm5vLXJlZmVycmVyLXdoZW4tZG93bmdyYWRlJTIyJTNFJTNDJTJGaWZyYW1lJTNF&#8221;][\/vc_column][\/vc_row][vc_row][vc_column width=&#8221;1\/2&#8243;][vc_column_text]\u0130leti\u015fim Bilgileri:<\/p>\n<h6>Adres<\/h6>\n<p>Yeni, 4999. Sk. No:20, 20030 Merkezefendi\/Denizli<\/p>\n<hr \/>\n<h6>\u0130leti\u015fim Bilgileri<\/h6>\n<p>E: <a style=\"color: #666;\" href=\"mailto:info@esmenoglutekstil.com\">info@esmenoglutekstil.com<\/a><br \/>\n<a href=\"tel:05324689589\">05324689589<\/a><\/p>\n<hr \/>\n<h6>Sosyal Medyada Biz<\/h6>\n<ul class=\"clearfix seese-social-two  seese-socials-69e4aa9539867\"><li><a href=\"https:\/\/www.facebook.com\/profile.php?id=100065672101809&amp;locale=tr_TR\" class=\"icon-fa-facebook\"><i class=\"fa fa-facebook\"><\/i><\/a><\/li><li><a href=\"https:\/\/www.trendyol.com\/magaza\/esmenoglutekstil-m-229121?sst=0\" class=\"icon-fa-shopping-cart\"><i class=\"fa fa-shopping-cart\"><\/i><\/a><\/li><li><a href=\"https:\/\/www.instagram.com\/esmenoglu_tekstil?igsh=ZzlybHo1ZjdkY3U0\" class=\"icon-fa-instagram\"><i class=\"fa fa-instagram\"><\/i><\/a><\/li><\/ul>\n<hr \/>\n<p>[\/vc_column_text][\/vc_column][vc_column width=&#8221;1\/2&#8243;]\n<div class=\"wpcf7 no-js\" id=\"wpcf7-f7-o1\" lang=\"tr-TR\" dir=\"ltr\">\n<div class=\"screen-reader-response\"><p role=\"status\" aria-live=\"polite\" aria-atomic=\"true\"><\/p> <ul><\/ul><\/div>\n<form action=\"\/index.php\/wp-json\/wp\/v2\/pages\/28#wpcf7-f7-o1\" method=\"post\" class=\"wpcf7-form init\" aria-label=\"\u0130leti\u015fim Formu\" novalidate=\"novalidate\" data-status=\"init\">\n<div style=\"display: none;\">\n<input type=\"hidden\" name=\"_wpcf7\" value=\"7\" \/>\n<input type=\"hidden\" name=\"_wpcf7_version\" value=\"5.9.8\" \/>\n<input type=\"hidden\" name=\"_wpcf7_locale\" value=\"tr_TR\" \/>\n<input type=\"hidden\" name=\"_wpcf7_unit_tag\" value=\"wpcf7-f7-o1\" \/>\n<input type=\"hidden\" name=\"_wpcf7_container_post\" value=\"0\" \/>\n<input type=\"hidden\" name=\"_wpcf7_posted_data_hash\" value=\"\" \/>\n<\/div>\n<p><label> Ad Soyad<br \/>\n<span class=\"wpcf7-form-control-wrap\" data-name=\"your-name\"><input size=\"40\" maxlength=\"400\" class=\"wpcf7-form-control wpcf7-text wpcf7-validates-as-required\" autocomplete=\"name\" aria-required=\"true\" aria-invalid=\"false\" value=\"\" type=\"text\" name=\"your-name\" \/><\/span> <\/label>\n<\/p>\n<p><label> Mail Adresi<br \/>\n<span class=\"wpcf7-form-control-wrap\" data-name=\"your-email\"><input size=\"40\" maxlength=\"400\" class=\"wpcf7-form-control wpcf7-email wpcf7-validates-as-required wpcf7-text wpcf7-validates-as-email\" autocomplete=\"email\" aria-required=\"true\" aria-invalid=\"false\" value=\"\" type=\"email\" name=\"your-email\" \/><\/span> <\/label>\n<\/p>\n<p><label> Konu<br \/>\n<span class=\"wpcf7-form-control-wrap\" data-name=\"your-subject\"><input size=\"40\" maxlength=\"400\" class=\"wpcf7-form-control wpcf7-text wpcf7-validates-as-required\" aria-required=\"true\" aria-invalid=\"false\" value=\"\" type=\"text\" name=\"your-subject\" \/><\/span> <\/label>\n<\/p>\n<p><label> Mesaj (optional)<br \/>\n<span class=\"wpcf7-form-control-wrap\" data-name=\"your-message\"><textarea cols=\"40\" rows=\"10\" maxlength=\"2000\" class=\"wpcf7-form-control wpcf7-textarea\" aria-invalid=\"false\" name=\"your-message\"><\/textarea><\/span> <\/label>\n<\/p>\n<p><input class=\"wpcf7-form-control wpcf7-submit has-spinner\" type=\"submit\" value=\"G\u00f6nder\" \/>\n<\/p><div class=\"wpcf7-response-output\" aria-hidden=\"true\"><\/div>\n<\/form>\n<\/div>\n[\/vc_column][\/vc_row]<\/p>\n<\/div>","protected":false},"excerpt":{"rendered":"<p>[vc_row][vc_column][vc_empty_space height=&#8221;94px&#8221;][vc_column_text]<\/p>\n<p>\u0130leti\u015fim<\/p>\n<p style=\"text-align: center; padding-bottom: 13px; padding-top: 2px; letter-spacing: .9px;\">E\u015fmeno\u011flu Tekstil \u0130leti\u015fim<\/p>\n<p>[\/vc_column_text][\/vc_column][\/vc_row][vc_row overlay_dotted=&#8221;&#8221; css=&#8221;.vc_custom_1480491358682{margin-top: 0px !important;margin-right: 0px !important;margin-bottom: 25px !important;margin-left: 0px !important;border-top-width: 0px !important;border-right-width: 0px !important;border-bottom-width: 0px !important;border-left-width: 0px !important;padding-top: 0px !important;padding-right: 0px !important;padding-bottom: 0px !important;padding-left: 0px !important;}&#8221;][vc_column css=&#8221;.vc_custom_1478579926524{margin: 0px !important;border-width: 0px !important;padding: 0px !important;}&#8221;][vc_gmaps link=&#8221;#E-8_JTNDaWZyYW1lJTIwc3JjJTNEJTIyaHR0cHMlM0ElMkYlMkZ3d3cuZ29vZ2xlLmNvbSUyRm1hcHMlMkZlbWJlZCUzRnBiJTNEJTIxMW0xOCUyMTFtMTIlMjExbTMlMjExZDMxNTIuNjA0MTM4NDI1NTY5JTIxMmQyOS4wNzIyMTgwNzU4MTY3MyUyMTNkMzcuNzk5MzE1OTcxOTc5MjIlMjEybTMlMjExZjAlMjEyZjAlMjEzZjAlMjEzbTIlMjExaTEwMjQlMjEyaTc2OCUyMTRmMTMuMSUyMTNtMyUyMTFtMiUyMTFzMHgxNGM3M2ZjMzgyMTYwOTYxJTI1M0EweDIwNTFhNGUwODY2Y2U1ZDAlMjEyelJjV2ZiV1Z1YjhTZmJIVWdkR1ZyYzNScGJBJTIxNWUwJTIxM20yJTIxMXN0ciUyMTJzdHIlMjE0djE3MTAwMjEzOTA5NTUlMjE1bTIlMjExc3RyJTIxMnN0ciUyMiUyMHdpZHRoJTNEJTIyNjAwJTIyJTIwaGVpZ2h0JTNEJTIyNDUwJTIyJTIwc3R5bGUlM0QlMjJib3JkZXIlM0EwJTNCJTIyJTIwYWxsb3dmdWxsc2NyZWVuJTNEJTIyJTIyJTIwbG9hZGluZyUzRCUyMmxhenklMjIlMjByZWZlcnJlcnBvbGljeSUzRCUyMm5vLXJlZmVycmVyLXdoZW4tZG93bmdyYWRlJTIyJTNFJTNDJTJGaWZyYW1lJTNF&#8221;][\/vc_column][\/vc_row][vc_row][vc_column width=&#8221;1\/2&#8243;][vc_column_text]\u0130leti\u015fim Bilgileri:<\/p>\n<p>Adres<\/p>\n<p>Yeni, 4999. Sk. No:20, 20030 Merkezefendi\/Denizli<\/p>\n<p>\u0130leti\u015fim Bilgileri<\/p>\n<p>E: info@esmenoglutekstil.com<br \/>\n05324689589<\/p>\n<p>Sosyal Medyada Biz<br \/>\n<i class=\"fa fa-facebook\"><\/i><i class=\"fa fa-shopping-cart\"><\/i><i class=\"fa fa-instagram\"><\/i><\/p>\n<p>[\/vc_column_text][\/vc_column][vc_column width=&#8221;1\/2&#8243;]<\/p>\n<p role=\"status\" aria-live=\"polite\" aria-atomic=\"true\">\n<p> Ad Soyad<\/p>\n<p> Mail Adresi<\/p>\n<p> Konu<\/p>\n<p> Mesaj (optional)<\/p>\n<\/p>\n<p>[\/vc_column][\/vc_row]<\/p>\n","protected":false},"author":1,"featured_media":0,"parent":0,"menu_order":0,"comment_status":"closed","ping_status":"closed","template":"","meta":{"_monsterinsights_skip_tracking":false,"_monsterinsights_sitenote_active":false,"_monsterinsights_sitenote_note":"","_monsterinsights_sitenote_category":0,"footnotes":""},"aioseo_notices":[],"_links":{"self":[{"href":"https:\/\/esmenoglutekstil.com\/index.php\/wp-json\/wp\/v2\/pages\/28"}],"collection":[{"href":"https:\/\/esmenoglutekstil.com\/index.php\/wp-json\/wp\/v2\/pages"}],"about":[{"href":"https:\/\/esmenoglutekstil.com\/index.php\/wp-json\/wp\/v2\/types\/page"}],"author":[{"embeddable":true,"href":"https:\/\/esmenoglutekstil.com\/index.php\/wp-json\/wp\/v2\/users\/1"}],"replies":[{"embeddable":true,"href":"https:\/\/esmenoglutekstil.com\/index.php\/wp-json\/wp\/v2\/comments?post=28"}],"version-history":[{"count":25,"href":"https:\/\/esmenoglutekstil.com\/index.php\/wp-json\/wp\/v2\/pages\/28\/revisions"}],"predecessor-version":[{"id":3136,"href":"https:\/\/esmenoglutekstil.com\/index.php\/wp-json\/wp\/v2\/pages\/28\/revisions\/3136"}],"wp:attachment":[{"href":"https:\/\/esmenoglutekstil.com\/index.php\/wp-json\/wp\/v2\/media?parent=28"}],"curies":[{"name":"wp","href":"https:\/\/api.w.org\/{rel}","templated":true}]}}