{"id":2785,"date":"2024-03-05T16:46:09","date_gmt":"2024-03-05T13:46:09","guid":{"rendered":"https:\/\/esmenoglutekstil.com\/?post_type=product&#038;p=2785"},"modified":"2024-03-09T17:39:20","modified_gmt":"2024-03-09T14:39:20","slug":"renkli-bornoz-2","status":"publish","type":"product","link":"https:\/\/esmenoglutekstil.com\/index.php\/product\/renkli-bornoz-2\/","title":{"rendered":"Bornoz Flo\u015flu Kadife Ye\u015fil"},"content":{"rendered":"","protected":false},"excerpt":{"rendered":"<p>E\u015fmeno\u011flu Tekstil, renkli bornoz koleksiyonu ile banyo deneyiminizi renklendirmeye geliyor! Y\u00fcksek kaliteli pamuklu dokusu ve canl\u0131 renk se\u00e7enekleriyle bu bornoz, sadece bir giyim par\u00e7as\u0131 de\u011fil, ayn\u0131 zamanda enerji dolu anlar\u0131n\u0131z\u0131n tamamlay\u0131c\u0131s\u0131.<\/p>\n","protected":false},"featured_media":2782,"comment_status":"open","ping_status":"closed","template":"","meta":{"_monsterinsights_skip_tracking":false,"_monsterinsights_sitenote_active":false,"_monsterinsights_sitenote_note":"","_monsterinsights_sitenote_category":0},"product_cat":[15],"product_tag":[],"aioseo_notices":[],"_links":{"self":[{"href":"https:\/\/esmenoglutekstil.com\/index.php\/wp-json\/wp\/v2\/product\/2785"}],"collection":[{"href":"https:\/\/esmenoglutekstil.com\/index.php\/wp-json\/wp\/v2\/product"}],"about":[{"href":"https:\/\/esmenoglutekstil.com\/index.php\/wp-json\/wp\/v2\/types\/product"}],"replies":[{"embeddable":true,"href":"https:\/\/esmenoglutekstil.com\/index.php\/wp-json\/wp\/v2\/comments?post=2785"}],"wp:featuredmedia":[{"embeddable":true,"href":"https:\/\/esmenoglutekstil.com\/index.php\/wp-json\/wp\/v2\/media\/2782"}],"wp:attachment":[{"href":"https:\/\/esmenoglutekstil.com\/index.php\/wp-json\/wp\/v2\/media?parent=2785"}],"wp:term":[{"taxonomy":"product_cat","embeddable":true,"href":"https:\/\/esmenoglutekstil.com\/index.php\/wp-json\/wp\/v2\/product_cat?post=2785"},{"taxonomy":"product_tag","embeddable":true,"href":"https:\/\/esmenoglutekstil.com\/index.php\/wp-json\/wp\/v2\/product_tag?post=2785"}],"curies":[{"name":"wp","href":"https:\/\/api.w.org\/{rel}","templated":true}]}}