{"id":2787,"date":"2024-03-05T16:47:49","date_gmt":"2024-03-05T13:47:49","guid":{"rendered":"https:\/\/esmenoglutekstil.com\/?post_type=product&#038;p=2787"},"modified":"2024-03-10T01:57:21","modified_gmt":"2024-03-09T22:57:21","slug":"sabahlik-2","status":"publish","type":"product","link":"https:\/\/esmenoglutekstil.com\/index.php\/product\/sabahlik-2\/","title":{"rendered":"Sabahl\u0131k"},"content":{"rendered":"","protected":false},"excerpt":{"rendered":"<p>E\u015fmeno\u011flu Tekstil, sabah rit\u00fcelinize zarafet ve konfor katmak i\u00e7in \u00f6zel tasarlanm\u0131\u015f sabahl\u0131\u011f\u0131 ile kar\u015f\u0131n\u0131zda. Y\u00fcksek kaliteli malzemeler ve estetik detaylar, g\u00fcn\u00fcn\u00fcz\u00fc daha \u00f6zel ve \u015f\u0131k k\u0131lmak i\u00e7in bir araya geliyor.<\/p>\n","protected":false},"featured_media":2771,"comment_status":"open","ping_status":"closed","template":"","meta":{"_monsterinsights_skip_tracking":false,"_monsterinsights_sitenote_active":false,"_monsterinsights_sitenote_note":"","_monsterinsights_sitenote_category":0},"product_cat":[131],"product_tag":[],"aioseo_notices":[],"_links":{"self":[{"href":"https:\/\/esmenoglutekstil.com\/index.php\/wp-json\/wp\/v2\/product\/2787"}],"collection":[{"href":"https:\/\/esmenoglutekstil.com\/index.php\/wp-json\/wp\/v2\/product"}],"about":[{"href":"https:\/\/esmenoglutekstil.com\/index.php\/wp-json\/wp\/v2\/types\/product"}],"replies":[{"embeddable":true,"href":"https:\/\/esmenoglutekstil.com\/index.php\/wp-json\/wp\/v2\/comments?post=2787"}],"wp:featuredmedia":[{"embeddable":true,"href":"https:\/\/esmenoglutekstil.com\/index.php\/wp-json\/wp\/v2\/media\/2771"}],"wp:attachment":[{"href":"https:\/\/esmenoglutekstil.com\/index.php\/wp-json\/wp\/v2\/media?parent=2787"}],"wp:term":[{"taxonomy":"product_cat","embeddable":true,"href":"https:\/\/esmenoglutekstil.com\/index.php\/wp-json\/wp\/v2\/product_cat?post=2787"},{"taxonomy":"product_tag","embeddable":true,"href":"https:\/\/esmenoglutekstil.com\/index.php\/wp-json\/wp\/v2\/product_tag?post=2787"}],"curies":[{"name":"wp","href":"https:\/\/api.w.org\/{rel}","templated":true}]}}