{"id":2788,"date":"2024-03-05T16:49:30","date_gmt":"2024-03-05T13:49:30","guid":{"rendered":"https:\/\/esmenoglutekstil.com\/?post_type=product&#038;p=2788"},"modified":"2024-03-06T10:58:18","modified_gmt":"2024-03-06T07:58:18","slug":"havlu","status":"publish","type":"product","link":"https:\/\/esmenoglutekstil.com\/index.php\/product\/havlu\/","title":{"rendered":"Havlu"},"content":{"rendered":"","protected":false},"excerpt":{"rendered":"<p>E\u015fmeno\u011flu Tekstil, kalite ve konforun birle\u015fti\u011fi \u00f6zel havlu setiyle banyo deneyiminizi zirveye ta\u015f\u0131yor. \u0130nce detaylar\u0131, yumu\u015fak dokusu ve h\u0131zla emici \u00f6zelli\u011fi ile bu havlu seti, g\u00fcnl\u00fck ya\u015fam\u0131n\u0131za l\u00fcks ve \u015f\u0131kl\u0131k kat\u0131yor.<\/p>\n","protected":false},"featured_media":2768,"comment_status":"open","ping_status":"closed","template":"","meta":{"_monsterinsights_skip_tracking":false,"_monsterinsights_sitenote_active":false,"_monsterinsights_sitenote_note":"","_monsterinsights_sitenote_category":0},"product_cat":[125],"product_tag":[],"aioseo_notices":[],"_links":{"self":[{"href":"https:\/\/esmenoglutekstil.com\/index.php\/wp-json\/wp\/v2\/product\/2788"}],"collection":[{"href":"https:\/\/esmenoglutekstil.com\/index.php\/wp-json\/wp\/v2\/product"}],"about":[{"href":"https:\/\/esmenoglutekstil.com\/index.php\/wp-json\/wp\/v2\/types\/product"}],"replies":[{"embeddable":true,"href":"https:\/\/esmenoglutekstil.com\/index.php\/wp-json\/wp\/v2\/comments?post=2788"}],"wp:featuredmedia":[{"embeddable":true,"href":"https:\/\/esmenoglutekstil.com\/index.php\/wp-json\/wp\/v2\/media\/2768"}],"wp:attachment":[{"href":"https:\/\/esmenoglutekstil.com\/index.php\/wp-json\/wp\/v2\/media?parent=2788"}],"wp:term":[{"taxonomy":"product_cat","embeddable":true,"href":"https:\/\/esmenoglutekstil.com\/index.php\/wp-json\/wp\/v2\/product_cat?post=2788"},{"taxonomy":"product_tag","embeddable":true,"href":"https:\/\/esmenoglutekstil.com\/index.php\/wp-json\/wp\/v2\/product_tag?post=2788"}],"curies":[{"name":"wp","href":"https:\/\/api.w.org\/{rel}","templated":true}]}}