{"id":2795,"date":"2024-03-05T16:59:37","date_gmt":"2024-03-05T13:59:37","guid":{"rendered":"https:\/\/esmenoglutekstil.com\/?post_type=product&#038;p=2795"},"modified":"2024-03-10T02:00:22","modified_gmt":"2024-03-09T23:00:22","slug":"yorgan","status":"publish","type":"product","link":"https:\/\/esmenoglutekstil.com\/index.php\/product\/yorgan\/","title":{"rendered":"Yorgan"},"content":{"rendered":"","protected":false},"excerpt":{"rendered":"<p>E\u015fmeno\u011flu Tekstil, s\u0131cakl\u0131\u011f\u0131 ve konforu bir araya getiren \u00f6zel yorgan\u0131yla evinizi \u0131s\u0131t\u0131yor. Y\u00fcksek kaliteli malzemeler ve \u00f6zenle i\u015flenmi\u015f detaylar, bu yorgan\u0131 sadece bir yatak tak\u0131m\u0131 de\u011fil, ayn\u0131 zamanda rahatl\u0131\u011f\u0131n simgesi haline getiriyor.<\/p>\n","protected":false},"featured_media":2760,"comment_status":"open","ping_status":"closed","template":"","meta":{"_monsterinsights_skip_tracking":false,"_monsterinsights_sitenote_active":false,"_monsterinsights_sitenote_note":"","_monsterinsights_sitenote_category":0},"product_cat":[119],"product_tag":[],"aioseo_notices":[],"_links":{"self":[{"href":"https:\/\/esmenoglutekstil.com\/index.php\/wp-json\/wp\/v2\/product\/2795"}],"collection":[{"href":"https:\/\/esmenoglutekstil.com\/index.php\/wp-json\/wp\/v2\/product"}],"about":[{"href":"https:\/\/esmenoglutekstil.com\/index.php\/wp-json\/wp\/v2\/types\/product"}],"replies":[{"embeddable":true,"href":"https:\/\/esmenoglutekstil.com\/index.php\/wp-json\/wp\/v2\/comments?post=2795"}],"wp:featuredmedia":[{"embeddable":true,"href":"https:\/\/esmenoglutekstil.com\/index.php\/wp-json\/wp\/v2\/media\/2760"}],"wp:attachment":[{"href":"https:\/\/esmenoglutekstil.com\/index.php\/wp-json\/wp\/v2\/media?parent=2795"}],"wp:term":[{"taxonomy":"product_cat","embeddable":true,"href":"https:\/\/esmenoglutekstil.com\/index.php\/wp-json\/wp\/v2\/product_cat?post=2795"},{"taxonomy":"product_tag","embeddable":true,"href":"https:\/\/esmenoglutekstil.com\/index.php\/wp-json\/wp\/v2\/product_tag?post=2795"}],"curies":[{"name":"wp","href":"https:\/\/api.w.org\/{rel}","templated":true}]}}