{"id":2796,"date":"2024-03-05T17:02:58","date_gmt":"2024-03-05T14:02:58","guid":{"rendered":"https:\/\/esmenoglutekstil.com\/?post_type=product&#038;p=2796"},"modified":"2024-03-10T02:00:09","modified_gmt":"2024-03-09T23:00:09","slug":"yorgan-2","status":"publish","type":"product","link":"https:\/\/esmenoglutekstil.com\/index.php\/product\/yorgan-2\/","title":{"rendered":"Yorgan"},"content":{"rendered":"<p>E\u015fmeno\u011flu&#8217;nun y\u00fcksek kaliteli yorganlar\u0131, s\u0131cak, hafif ve \u015f\u0131k tasar\u0131mlar\u0131yla evinize rahatl\u0131k kat\u0131yor. Yumu\u015fak pamuk, mikrofiber ve kaliteli kuma\u015flarla \u00fcretilen bu yorganlar, farkl\u0131 \u0131s\u0131 derecelerine uygun se\u00e7enekler sunarak y\u0131l boyunca ideal s\u0131cakl\u0131\u011f\u0131 sa\u011fl\u0131yor. Alerji dostu se\u00e7enekleriyle de \u00f6ne \u00e7\u0131kan E\u015fmeno\u011flu yorganlar\u0131, estetik tasar\u0131mlar\u0131yla yatak odan\u0131za \u015f\u0131kl\u0131k kat\u0131yor. Kalite standartlar\u0131na uygun \u00fcretilmi\u015f olan bu yorganlar, sa\u011fl\u0131\u011f\u0131n\u0131za ve konforunuza \u00f6nem veriyor. E\u015fsiz uyku deneyimleri i\u00e7in E\u015fmeno\u011flu kalitesini tercih edin.<\/p>\n","protected":false},"excerpt":{"rendered":"<p>E\u015fmeno\u011flu&#8217;nun y\u00fcksek kaliteli yorganlar\u0131, s\u0131cak, hafif ve \u015f\u0131k tasar\u0131mlar\u0131yla evinize rahatl\u0131k kat\u0131yor. Yumu\u015fak pamuk, mikrofiber ve kaliteli kuma\u015flarla \u00fcretilen bu yorganlar, farkl\u0131 \u0131s\u0131 derecelerine uygun se\u00e7enekler sunarak y\u0131l boyunca ideal s\u0131cakl\u0131\u011f\u0131 sa\u011fl\u0131yor. Alerji dostu se\u00e7enekleriyle de \u00f6ne \u00e7\u0131kan E\u015fmeno\u011flu yorganlar\u0131, estetik tasar\u0131mlar\u0131yla yatak odan\u0131za \u015f\u0131kl\u0131k kat\u0131yor. Kalite standartlar\u0131na uygun \u00fcretilmi\u015f olan bu yorganlar, sa\u011fl\u0131\u011f\u0131n\u0131za ve konforunuza \u00f6nem veriyor. E\u015fsiz uyku deneyimleri i\u00e7in E\u015fmeno\u011flu kalitesini tercih edin.<\/p>\n","protected":false},"featured_media":2761,"comment_status":"open","ping_status":"closed","template":"","meta":{"_monsterinsights_skip_tracking":false,"_monsterinsights_sitenote_active":false,"_monsterinsights_sitenote_note":"","_monsterinsights_sitenote_category":0},"product_cat":[119],"product_tag":[],"aioseo_notices":[],"_links":{"self":[{"href":"https:\/\/esmenoglutekstil.com\/index.php\/wp-json\/wp\/v2\/product\/2796"}],"collection":[{"href":"https:\/\/esmenoglutekstil.com\/index.php\/wp-json\/wp\/v2\/product"}],"about":[{"href":"https:\/\/esmenoglutekstil.com\/index.php\/wp-json\/wp\/v2\/types\/product"}],"replies":[{"embeddable":true,"href":"https:\/\/esmenoglutekstil.com\/index.php\/wp-json\/wp\/v2\/comments?post=2796"}],"wp:featuredmedia":[{"embeddable":true,"href":"https:\/\/esmenoglutekstil.com\/index.php\/wp-json\/wp\/v2\/media\/2761"}],"wp:attachment":[{"href":"https:\/\/esmenoglutekstil.com\/index.php\/wp-json\/wp\/v2\/media?parent=2796"}],"wp:term":[{"taxonomy":"product_cat","embeddable":true,"href":"https:\/\/esmenoglutekstil.com\/index.php\/wp-json\/wp\/v2\/product_cat?post=2796"},{"taxonomy":"product_tag","embeddable":true,"href":"https:\/\/esmenoglutekstil.com\/index.php\/wp-json\/wp\/v2\/product_tag?post=2796"}],"curies":[{"name":"wp","href":"https:\/\/api.w.org\/{rel}","templated":true}]}}