{"id":2800,"date":"2024-03-05T17:32:39","date_gmt":"2024-03-05T14:32:39","guid":{"rendered":"https:\/\/esmenoglutekstil.com\/?post_type=product&#038;p=2800"},"modified":"2024-04-25T15:21:08","modified_gmt":"2024-04-25T12:21:08","slug":"yaka-nakis-bornoz","status":"publish","type":"product","link":"https:\/\/esmenoglutekstil.com\/index.php\/product\/yaka-nakis-bornoz\/","title":{"rendered":"Yaka Nak\u0131\u015f Bornoz"},"content":{"rendered":"","protected":false},"excerpt":{"rendered":"<p>E\u015fmeno\u011flu Tekstil&#8217;in \u00f6zel tasar\u0131m\u0131 olan Yaka Nak\u0131\u015fl\u0131 Bornoz ile banyo rutininizi l\u00fcks bir deneyime d\u00f6n\u00fc\u015ft\u00fcr\u00fcn. Bu bornoz, y\u00fcksek kaliteli malzemesi ve zarif yaka nak\u0131\u015f\u0131 ile sizi \u015f\u0131kl\u0131k ve konforla bulu\u015fturuyor.<\/p>\n","protected":false},"featured_media":2801,"comment_status":"open","ping_status":"closed","template":"","meta":{"_monsterinsights_skip_tracking":false,"_monsterinsights_sitenote_active":false,"_monsterinsights_sitenote_note":"","_monsterinsights_sitenote_category":0},"product_cat":[15],"product_tag":[],"aioseo_notices":[],"_links":{"self":[{"href":"https:\/\/esmenoglutekstil.com\/index.php\/wp-json\/wp\/v2\/product\/2800"}],"collection":[{"href":"https:\/\/esmenoglutekstil.com\/index.php\/wp-json\/wp\/v2\/product"}],"about":[{"href":"https:\/\/esmenoglutekstil.com\/index.php\/wp-json\/wp\/v2\/types\/product"}],"replies":[{"embeddable":true,"href":"https:\/\/esmenoglutekstil.com\/index.php\/wp-json\/wp\/v2\/comments?post=2800"}],"wp:featuredmedia":[{"embeddable":true,"href":"https:\/\/esmenoglutekstil.com\/index.php\/wp-json\/wp\/v2\/media\/2801"}],"wp:attachment":[{"href":"https:\/\/esmenoglutekstil.com\/index.php\/wp-json\/wp\/v2\/media?parent=2800"}],"wp:term":[{"taxonomy":"product_cat","embeddable":true,"href":"https:\/\/esmenoglutekstil.com\/index.php\/wp-json\/wp\/v2\/product_cat?post=2800"},{"taxonomy":"product_tag","embeddable":true,"href":"https:\/\/esmenoglutekstil.com\/index.php\/wp-json\/wp\/v2\/product_tag?post=2800"}],"curies":[{"name":"wp","href":"https:\/\/api.w.org\/{rel}","templated":true}]}}