{"id":2808,"date":"2024-03-05T20:14:40","date_gmt":"2024-03-05T17:14:40","guid":{"rendered":"https:\/\/esmenoglutekstil.com\/?post_type=product&#038;p=2808"},"modified":"2025-07-04T16:46:14","modified_gmt":"2025-07-04T13:46:14","slug":"pestemal","status":"publish","type":"product","link":"https:\/\/esmenoglutekstil.com\/index.php\/product\/pestemal\/","title":{"rendered":"Pe\u015ftemal"},"content":{"rendered":"","protected":false},"excerpt":{"rendered":"<p>E\u015fmeno\u011flu Tekstil, \u00f6zg\u00fcn tasar\u0131m\u0131 ve hafif dokusuyla \u00f6ne \u00e7\u0131kan pe\u015ftemali ile sizi yaz aylar\u0131nda serin ve \u015f\u0131k tutuyor. Geleneksel T\u00fcrk hamam k\u00fclt\u00fcr\u00fcnden ilham alan bu pe\u015ftemal, hem plajda hem de g\u00fcnl\u00fck ya\u015famda tarz\u0131n\u0131z\u0131 tamamlayacak bir aksesuar olma \u00f6zelli\u011fi ta\u015f\u0131yor.<\/p>\n","protected":false},"featured_media":2809,"comment_status":"open","ping_status":"closed","template":"","meta":{"_monsterinsights_skip_tracking":false,"_monsterinsights_sitenote_active":false,"_monsterinsights_sitenote_note":"","_monsterinsights_sitenote_category":0},"product_cat":[120],"product_tag":[],"aioseo_notices":[],"_links":{"self":[{"href":"https:\/\/esmenoglutekstil.com\/index.php\/wp-json\/wp\/v2\/product\/2808"}],"collection":[{"href":"https:\/\/esmenoglutekstil.com\/index.php\/wp-json\/wp\/v2\/product"}],"about":[{"href":"https:\/\/esmenoglutekstil.com\/index.php\/wp-json\/wp\/v2\/types\/product"}],"replies":[{"embeddable":true,"href":"https:\/\/esmenoglutekstil.com\/index.php\/wp-json\/wp\/v2\/comments?post=2808"}],"wp:featuredmedia":[{"embeddable":true,"href":"https:\/\/esmenoglutekstil.com\/index.php\/wp-json\/wp\/v2\/media\/2809"}],"wp:attachment":[{"href":"https:\/\/esmenoglutekstil.com\/index.php\/wp-json\/wp\/v2\/media?parent=2808"}],"wp:term":[{"taxonomy":"product_cat","embeddable":true,"href":"https:\/\/esmenoglutekstil.com\/index.php\/wp-json\/wp\/v2\/product_cat?post=2808"},{"taxonomy":"product_tag","embeddable":true,"href":"https:\/\/esmenoglutekstil.com\/index.php\/wp-json\/wp\/v2\/product_tag?post=2808"}],"curies":[{"name":"wp","href":"https:\/\/api.w.org\/{rel}","templated":true}]}}