{"id":3078,"date":"2024-03-16T16:30:38","date_gmt":"2024-03-16T13:30:38","guid":{"rendered":"https:\/\/esmenoglutekstil.com\/?post_type=product&#038;p=3078"},"modified":"2025-09-15T16:33:34","modified_gmt":"2025-09-15T13:33:34","slug":"cocuk","status":"publish","type":"product","link":"https:\/\/esmenoglutekstil.com\/index.php\/product\/cocuk\/","title":{"rendered":"Kulakl\u0131 \u00c7ocuk Bornozu"},"content":{"rendered":"","protected":false},"excerpt":{"rendered":"<p>E\u015fmeno\u011flu Tekstil, \u00e7ocuk bornozu koleksiyonu ile banyo deneyiminizi renklendirmeye geliyor! Y\u00fcksek kaliteli pamuklu dokusu ve canl\u0131 renk se\u00e7enekleriyle bu bornoz, sadece bir giyim par\u00e7as\u0131 de\u011fil, ayn\u0131 zamanda enerji dolu anlar\u0131n\u0131z\u0131n tamamlay\u0131c\u0131s\u0131.<\/p>\n","protected":false},"featured_media":3144,"comment_status":"open","ping_status":"closed","template":"","meta":{"_monsterinsights_skip_tracking":false,"_monsterinsights_sitenote_active":false,"_monsterinsights_sitenote_note":"","_monsterinsights_sitenote_category":0},"product_cat":[135],"product_tag":[],"aioseo_notices":[],"_links":{"self":[{"href":"https:\/\/esmenoglutekstil.com\/index.php\/wp-json\/wp\/v2\/product\/3078"}],"collection":[{"href":"https:\/\/esmenoglutekstil.com\/index.php\/wp-json\/wp\/v2\/product"}],"about":[{"href":"https:\/\/esmenoglutekstil.com\/index.php\/wp-json\/wp\/v2\/types\/product"}],"replies":[{"embeddable":true,"href":"https:\/\/esmenoglutekstil.com\/index.php\/wp-json\/wp\/v2\/comments?post=3078"}],"wp:featuredmedia":[{"embeddable":true,"href":"https:\/\/esmenoglutekstil.com\/index.php\/wp-json\/wp\/v2\/media\/3144"}],"wp:attachment":[{"href":"https:\/\/esmenoglutekstil.com\/index.php\/wp-json\/wp\/v2\/media?parent=3078"}],"wp:term":[{"taxonomy":"product_cat","embeddable":true,"href":"https:\/\/esmenoglutekstil.com\/index.php\/wp-json\/wp\/v2\/product_cat?post=3078"},{"taxonomy":"product_tag","embeddable":true,"href":"https:\/\/esmenoglutekstil.com\/index.php\/wp-json\/wp\/v2\/product_tag?post=3078"}],"curies":[{"name":"wp","href":"https:\/\/api.w.org\/{rel}","templated":true}]}}