{"id":3150,"date":"2024-04-25T15:44:26","date_gmt":"2024-04-25T12:44:26","guid":{"rendered":"https:\/\/esmenoglutekstil.com\/?post_type=product&#038;p=3150"},"modified":"2025-09-15T16:32:02","modified_gmt":"2025-09-15T13:32:02","slug":"aile-seti","status":"publish","type":"product","link":"https:\/\/esmenoglutekstil.com\/index.php\/product\/aile-seti\/","title":{"rendered":"Aile Seti"},"content":{"rendered":"","protected":false},"excerpt":{"rendered":"<p>E\u015fmeno\u011flu Tekstil, Aile bornozu koleksiyonu ile banyo deneyiminizi renklendirmeye geliyor! Y\u00fcksek kaliteli pamuklu dokusu ve canl\u0131 renk se\u00e7enekleriyle bu bornoz, sadece bir giyim par\u00e7as\u0131 de\u011fil, ayn\u0131 zamanda enerji dolu anlar\u0131n\u0131z\u0131n tamamlay\u0131c\u0131s\u0131.<\/p>\n","protected":false},"featured_media":3157,"comment_status":"open","ping_status":"closed","template":"","meta":{"_monsterinsights_skip_tracking":false,"_monsterinsights_sitenote_active":false,"_monsterinsights_sitenote_note":"","_monsterinsights_sitenote_category":0},"product_cat":[15],"product_tag":[],"aioseo_notices":[],"_links":{"self":[{"href":"https:\/\/esmenoglutekstil.com\/index.php\/wp-json\/wp\/v2\/product\/3150"}],"collection":[{"href":"https:\/\/esmenoglutekstil.com\/index.php\/wp-json\/wp\/v2\/product"}],"about":[{"href":"https:\/\/esmenoglutekstil.com\/index.php\/wp-json\/wp\/v2\/types\/product"}],"replies":[{"embeddable":true,"href":"https:\/\/esmenoglutekstil.com\/index.php\/wp-json\/wp\/v2\/comments?post=3150"}],"wp:featuredmedia":[{"embeddable":true,"href":"https:\/\/esmenoglutekstil.com\/index.php\/wp-json\/wp\/v2\/media\/3157"}],"wp:attachment":[{"href":"https:\/\/esmenoglutekstil.com\/index.php\/wp-json\/wp\/v2\/media?parent=3150"}],"wp:term":[{"taxonomy":"product_cat","embeddable":true,"href":"https:\/\/esmenoglutekstil.com\/index.php\/wp-json\/wp\/v2\/product_cat?post=3150"},{"taxonomy":"product_tag","embeddable":true,"href":"https:\/\/esmenoglutekstil.com\/index.php\/wp-json\/wp\/v2\/product_tag?post=3150"}],"curies":[{"name":"wp","href":"https:\/\/api.w.org\/{rel}","templated":true}]}}